{"id":537,"date":"2025-05-24T10:04:36","date_gmt":"2025-05-24T10:04:36","guid":{"rendered":"https:\/\/delafinohouse.com\/?post_type=product&#038;p=537"},"modified":"2025-07-04T19:39:01","modified_gmt":"2025-07-04T19:39:01","slug":"discover-the-allure-of-the-sexy-black-jumpsuit","status":"publish","type":"product","link":"https:\/\/delafinohouse.com\/fr\/produit\/discover-the-allure-of-the-sexy-black-jumpsuit\/","title":{"rendered":"Combinaison Black Sexy"},"content":{"rendered":"<p>Faites sensation avec notre combinaison noire sexy, un incontournable pour toute garde-robe tendance. Con\u00e7ue pour mettre en valeur vos courbes tout en offrant un confort in\u00e9gal\u00e9, cette combinaison est parfaite pour toutes les occasions, soir\u00e9es et f\u00eates glamour. Accessoirisez-la avec des bijoux minimalistes et des talons \u00e9l\u00e9gants pour parfaire votre look.<\/p>","protected":false},"excerpt":{"rendered":"<p>Faites sensation avec notre combinaison noire sexy, un incontournable pour toute garde-robe tendance. Con\u00e7ue pour mettre en valeur vos courbes tout en offrant un confort in\u00e9gal\u00e9, cette combinaison est parfaite pour toutes les occasions, soir\u00e9es et f\u00eates glamour. Accessoirisez-la avec des bijoux minimalistes et des talons \u00e9l\u00e9gants pour parfaire votre look.<\/p>","protected":false},"featured_media":368,"template":"","meta":{"_et_pb_use_builder":"","_et_pb_old_content":"","_et_gb_content_width":""},"product_brand":[],"product_cat":[46,49],"product_tag":[],"class_list":{"0":"post-537","1":"product","2":"type-product","3":"status-publish","4":"has-post-thumbnail","6":"product_cat-all-items","7":"product_cat-glamour-nights","9":"first","10":"instock","11":"taxable","12":"shipping-taxable","13":"purchasable","14":"product-type-variable","15":"has-default-attributes"},"_links":{"self":[{"href":"https:\/\/delafinohouse.com\/fr\/wp-json\/wp\/v2\/product\/537","targetHints":{"allow":["GET"]}}],"collection":[{"href":"https:\/\/delafinohouse.com\/fr\/wp-json\/wp\/v2\/product"}],"about":[{"href":"https:\/\/delafinohouse.com\/fr\/wp-json\/wp\/v2\/types\/product"}],"wp:featuredmedia":[{"embeddable":true,"href":"https:\/\/delafinohouse.com\/fr\/wp-json\/wp\/v2\/media\/368"}],"wp:attachment":[{"href":"https:\/\/delafinohouse.com\/fr\/wp-json\/wp\/v2\/media?parent=537"}],"wp:term":[{"taxonomy":"product_brand","embeddable":true,"href":"https:\/\/delafinohouse.com\/fr\/wp-json\/wp\/v2\/product_brand?post=537"},{"taxonomy":"product_cat","embeddable":true,"href":"https:\/\/delafinohouse.com\/fr\/wp-json\/wp\/v2\/product_cat?post=537"},{"taxonomy":"product_tag","embeddable":true,"href":"https:\/\/delafinohouse.com\/fr\/wp-json\/wp\/v2\/product_tag?post=537"}],"curies":[{"name":"wp","href":"https:\/\/api.w.org\/{rel}","templated":true}]}}