{"id":486,"date":"2025-05-24T02:58:28","date_gmt":"2025-05-24T02:58:28","guid":{"rendered":"https:\/\/delafinohouse.com\/?post_type=product&#038;p=486"},"modified":"2025-07-05T04:54:55","modified_gmt":"2025-07-05T04:54:55","slug":"serene-allure-ecru","status":"publish","type":"product","link":"https:\/\/delafinohouse.com\/fr\/produit\/serene-allure-ecru\/","title":{"rendered":"S\u00e9r\u00e9nit\u00e9 Allure \u00c9cru"},"content":{"rendered":"<p>D\u00e9couvrez S\u00e9r\u00e9nit\u00e9 Allure \u00c9cru, une robe \u00e9l\u00e9gante et intemporelle con\u00e7ue pour s'adapter parfaitement \u00e0 toutes les morphologies. Disponible en une taille unique, elle convient aux tailles S, M et L. Son design fluide et ajustable met en valeur la silhouette tout en offrant un confort optimal. Id\u00e9ale pour toutes les occasions, elle est disponible dans une gamme de couleurs pour satisfaire tous les go\u00fbts.<\/p>\n<p><strong data-start=\"105\" data-end=\"126\">\u2022 Largeur d'\u00e9paules :<\/strong> 45\u201356 cm (17,7\u201322 in)<br data-start=\"148\" data-end=\"151\" \/><strong data-start=\"151\" data-end=\"176\">\u2022 Tour de poitrine :<\/strong> 87\u2013104 cm (34,3\u201340,9 in)<br data-start=\"201\" data-end=\"204\" \/><strong data-start=\"204\" data-end=\"230\" data-is-only-node=\"\">\u2022 Tour de taille :<\/strong> 70\u201386 cm (27,6\u201333,9 in)<br data-start=\"254\" data-end=\"257\" \/><strong data-start=\"257\" data-end=\"281\">\u2022 Tour de hanches :<\/strong> 70\u2013108 cm (27,6\u201342,5 in)<br data-start=\"306\" data-end=\"309\" \/><strong data-start=\"309\" data-end=\"322\">\u2022 Longueur :<\/strong> 158\u2013165 cm (62,2\u201365 in)<br data-start=\"346\" data-end=\"349\" \/><strong data-start=\"349\" data-end=\"369\">\u2022 Longueur des manches :<\/strong> 68\u201375 cm (26,8\u201329,5 in)<\/p>","protected":false},"excerpt":{"rendered":"<p>Discover Serene Allure Ecru, an elegant, timeless dress designed to fit every body type perfectly. Available in one size, it&#8217;s perfect for sizes S, M and L. Its flowing, adjustable design enhances the figure while offering optimum comfort. Ideal for all occasions, it comes in a range of colours to suit all tastes. \u2022 Shoulder [&hellip;]<\/p>\n","protected":false},"featured_media":431,"template":"","meta":{"_et_pb_use_builder":"","_et_pb_old_content":"","_et_gb_content_width":""},"product_brand":[],"product_cat":[46,51,48],"product_tag":[],"class_list":{"0":"post-486","1":"product","2":"type-product","3":"status-publish","4":"has-post-thumbnail","6":"product_cat-all-items","7":"product_cat-dresses","8":"product_cat-escape-collection","10":"first","11":"instock","12":"taxable","13":"shipping-taxable","14":"purchasable","15":"product-type-simple"},"_links":{"self":[{"href":"https:\/\/delafinohouse.com\/fr\/wp-json\/wp\/v2\/product\/486","targetHints":{"allow":["GET"]}}],"collection":[{"href":"https:\/\/delafinohouse.com\/fr\/wp-json\/wp\/v2\/product"}],"about":[{"href":"https:\/\/delafinohouse.com\/fr\/wp-json\/wp\/v2\/types\/product"}],"wp:featuredmedia":[{"embeddable":true,"href":"https:\/\/delafinohouse.com\/fr\/wp-json\/wp\/v2\/media\/431"}],"wp:attachment":[{"href":"https:\/\/delafinohouse.com\/fr\/wp-json\/wp\/v2\/media?parent=486"}],"wp:term":[{"taxonomy":"product_brand","embeddable":true,"href":"https:\/\/delafinohouse.com\/fr\/wp-json\/wp\/v2\/product_brand?post=486"},{"taxonomy":"product_cat","embeddable":true,"href":"https:\/\/delafinohouse.com\/fr\/wp-json\/wp\/v2\/product_cat?post=486"},{"taxonomy":"product_tag","embeddable":true,"href":"https:\/\/delafinohouse.com\/fr\/wp-json\/wp\/v2\/product_tag?post=486"}],"curies":[{"name":"wp","href":"https:\/\/api.w.org\/{rel}","templated":true}]}}