{"id":250,"date":"2025-05-24T01:24:02","date_gmt":"2025-05-24T01:24:02","guid":{"rendered":"https:\/\/delafinohouse.com\/?post_type=product&#038;p=250"},"modified":"2025-07-05T05:49:51","modified_gmt":"2025-07-05T05:49:51","slug":"discover-the-elegance-of-our-2-piece-bohemian-set","status":"publish","type":"product","link":"https:\/\/delafinohouse.com\/fr\/produit\/discover-the-elegance-of-our-2-piece-bohemian-set\/","title":{"rendered":"Radiance Mystique"},"content":{"rendered":"<p>Faites-vous remarquer avec \"Mystic Radiance\", un ensemble qui allie style et audace. Ce look captivant, compos\u00e9 d'un haut court et d'un short orn\u00e9s de motifs hypnotiques, est parfait pour ceux qui veulent briller avec \u00e9l\u00e9gance et confiance.<\/p>","protected":false},"excerpt":{"rendered":"<p>Faites-vous remarquer avec \"Mystic Radiance\", un ensemble qui allie style et audace. Ce look captivant, compos\u00e9 d'un haut court et d'un short orn\u00e9s de motifs hypnotiques, est parfait pour ceux qui veulent briller avec \u00e9l\u00e9gance et confiance.<\/p>","protected":false},"featured_media":453,"template":"","meta":{"_et_pb_use_builder":"","_et_pb_old_content":"","_et_gb_content_width":""},"product_brand":[],"product_cat":[46,47,48],"product_tag":[],"class_list":{"0":"post-250","1":"product","2":"type-product","3":"status-publish","4":"has-post-thumbnail","6":"product_cat-all-items","7":"product_cat-combinated-sets","8":"product_cat-escape-collection","10":"first","11":"instock","12":"taxable","13":"shipping-taxable","14":"purchasable","15":"product-type-variable","16":"has-default-attributes"},"_links":{"self":[{"href":"https:\/\/delafinohouse.com\/fr\/wp-json\/wp\/v2\/product\/250","targetHints":{"allow":["GET"]}}],"collection":[{"href":"https:\/\/delafinohouse.com\/fr\/wp-json\/wp\/v2\/product"}],"about":[{"href":"https:\/\/delafinohouse.com\/fr\/wp-json\/wp\/v2\/types\/product"}],"wp:featuredmedia":[{"embeddable":true,"href":"https:\/\/delafinohouse.com\/fr\/wp-json\/wp\/v2\/media\/453"}],"wp:attachment":[{"href":"https:\/\/delafinohouse.com\/fr\/wp-json\/wp\/v2\/media?parent=250"}],"wp:term":[{"taxonomy":"product_brand","embeddable":true,"href":"https:\/\/delafinohouse.com\/fr\/wp-json\/wp\/v2\/product_brand?post=250"},{"taxonomy":"product_cat","embeddable":true,"href":"https:\/\/delafinohouse.com\/fr\/wp-json\/wp\/v2\/product_cat?post=250"},{"taxonomy":"product_tag","embeddable":true,"href":"https:\/\/delafinohouse.com\/fr\/wp-json\/wp\/v2\/product_tag?post=250"}],"curies":[{"name":"wp","href":"https:\/\/api.w.org\/{rel}","templated":true}]}}