{"id":1710,"date":"2025-08-12T19:06:00","date_gmt":"2025-08-12T19:06:00","guid":{"rendered":"https:\/\/delafinohouse.com\/?page_id=1710"},"modified":"2026-04-14T12:32:50","modified_gmt":"2026-04-14T12:32:50","slug":"legal-notice","status":"publish","type":"page","link":"https:\/\/delafinohouse.com\/fr\/legal-notice\/","title":{"rendered":"Mentions L\u00e9gales"},"content":{"rendered":"<p>Conform\u00e9ment aux dispositions des lois et r\u00e8glements applicables, veuillez trouver ci-dessous les mentions l\u00e9gales du site Delafino House.<\/p>\n\n\n\n<p>Le site Delafino House est accessible \u00e0 l'adresse suivante : <a target=\"_blank\" rel=\"noreferrer noopener\" href=\"https:\/\/delafinohouse.com\/fr\/\">https:\/\/delafinohouse.com\/fr<\/a> (ci-apr\u00e8s \u00ab le Site \u00bb). L'acc\u00e8s et l'utilisation du Site sont soumis aux pr\u00e9sentes \u00ab Mentions L\u00e9gales \u00bb d\u00e9taill\u00e9es ci-dessous ainsi qu'aux lois et\/ou r\u00e8glements applicables.<\/p>\n\n\n\n<p><strong>ARTICLE 1 \u2013 INFORMATIONS L\u00c9GALES<\/strong><\/p>\n\n\n\n<p><strong>\u00c9diteur du Site :<\/strong><\/p>\n\n\n\n<ul class=\"wp-block-list\">\n<li><strong>Nom de la soci\u00e9t\u00e9 :<\/strong><code> <\/code><code>Delafino House SRL<\/code><\/li>\n\n\n\n<li><strong>Adresse e-mail :<\/strong> hello@delafinohouse.com<\/li>\n<\/ul>\n\n\n\n<p><strong>Directeur de la publication :<\/strong><\/p>\n\n\n\n<ul class=\"wp-block-list\">\n<li><strong>Nom de la directrice :<\/strong><code> Abena<\/code><\/li>\n\n\n\n<li><strong>Contact :<\/strong> hello@delafinohouse.com<\/li>\n<\/ul>\n\n\n\n<p><strong>H\u00e9bergeur :<\/strong><\/p>\n\n\n\n<p>Le site Delafino House est h\u00e9berg\u00e9 par :<\/p>\n\n\n\n<ul class=\"wp-block-list\">\n<li><strong>Soci\u00e9t\u00e9 :<\/strong> Hostinger International Ltd.<\/li>\n\n\n\n<li><strong>Adresse :<\/strong> 61 Lordou Vironos Street, 6023 Larnaca, Cyprus<\/li>\n\n\n\n<li><strong>Contact :<\/strong> <a href=\"https:\/\/www.hostinger.com\/contact\" target=\"_blank\" rel=\"noreferrer noopener\">https:\/\/www.hostinger.com\/contact<\/a><\/li>\n<\/ul>\n\n\n\n<p><strong>ARTICLE 2 \u2013 ACCESSIBILIT\u00c9<\/strong><\/p>\n\n\n\n<p>Le Site est, en principe, accessible aux utilisateurs 24h\/24 et 7j\/7, sauf interruption, programm\u00e9e ou non, pour des besoins de maintenance ou en cas de force majeure. En cas d'impossibilit\u00e9 d'acc\u00e8s au Site, l'\u00e9diteur s'engage \u00e0 faire son maximum afin d'en r\u00e9tablir l'acc\u00e8s. Le Site ne saurait \u00eatre tenu pour responsable de tout dommage, quelle qu'en soit la nature, r\u00e9sultant de son indisponibilit\u00e9.<\/p>\n\n\n\n<p><strong>ARTICLE 3 \u2013 PROPRI\u00c9T\u00c9 INTELLECTUELLE<\/strong><\/p>\n\n\n\n<p class=\"translation-block\">Tout le contenu du pr\u00e9sent site (incluant, de fa\u00e7on non limitative, les textes, images, vid\u00e9os et tous autres m\u00e9dias) est la propri\u00e9t\u00e9 de Delafino House ou de ses partenaires et est prot\u00e9g\u00e9 par les lois belges et internationales sur la propri\u00e9t\u00e9 intellectuelle. Toute reproduction, repr\u00e9sentation ou diffusion, en tout ou partie, est interdite sans autorisation \u00e9crite pr\u00e9alable.<\/p>\n\n\n\n<p><strong>ARTICLE 4 \u2013 DONN\u00c9ES PERSONNELLES<\/strong><\/p>\n\n\n\n<p><p style=\"margin-bottom: 60px;\">Pour toute information concernant la collecte et le traitement de vos donn\u00e9es personnelles, veuillez consulter notre Politique de Confidentialit\u00e9, accessible \u00e0 l'adresse suivante : <a href=\"http:\/\/delafinohouse.com\/fr\/privacy-policy\/\">https:\/\/delafinohouse.com\/fr\/privacy-policy<\/a> <\/p><\/p>","protected":false},"excerpt":{"rendered":"<p>In accordance with the provisions of applicable laws and regulations, please find below the legal notice for the Delafino House website. The Delafino House website is accessible at the following address: https:\/\/delafinohouse.com (hereinafter &#8220;the Site&#8221;). Access to and use of the Site are subject to the present &#8220;Legal Notice&#8221; detailed below as well as to [&hellip;]<\/p>\n","protected":false},"author":1,"featured_media":0,"parent":0,"menu_order":0,"comment_status":"closed","ping_status":"closed","template":"","meta":{"_et_pb_use_builder":"off","_et_pb_old_content":"","_et_gb_content_width":"1080","footnotes":""},"class_list":["post-1710","page","type-page","status-publish","hentry"],"_links":{"self":[{"href":"https:\/\/delafinohouse.com\/fr\/wp-json\/wp\/v2\/pages\/1710","targetHints":{"allow":["GET"]}}],"collection":[{"href":"https:\/\/delafinohouse.com\/fr\/wp-json\/wp\/v2\/pages"}],"about":[{"href":"https:\/\/delafinohouse.com\/fr\/wp-json\/wp\/v2\/types\/page"}],"author":[{"embeddable":true,"href":"https:\/\/delafinohouse.com\/fr\/wp-json\/wp\/v2\/users\/1"}],"replies":[{"embeddable":true,"href":"https:\/\/delafinohouse.com\/fr\/wp-json\/wp\/v2\/comments?post=1710"}],"version-history":[{"count":5,"href":"https:\/\/delafinohouse.com\/fr\/wp-json\/wp\/v2\/pages\/1710\/revisions"}],"predecessor-version":[{"id":1854,"href":"https:\/\/delafinohouse.com\/fr\/wp-json\/wp\/v2\/pages\/1710\/revisions\/1854"}],"wp:attachment":[{"href":"https:\/\/delafinohouse.com\/fr\/wp-json\/wp\/v2\/media?parent=1710"}],"curies":[{"name":"wp","href":"https:\/\/api.w.org\/{rel}","templated":true}]}}